{"id":2,"date":"2016-05-18T11:39:20","date_gmt":"2016-05-18T11:39:20","guid":{"rendered":"http:\/\/www.jerome-thomas.fr\/actualite\/?page_id=2"},"modified":"2021-06-25T15:09:50","modified_gmt":"2021-06-25T15:09:50","slug":"sample-page","status":"publish","type":"page","link":"http:\/\/www.jerome-thomas.fr\/actualite\/sample-page\/","title":{"rendered":"Newsletter"},"content":{"rendered":"\n<p>Si vous souhaitez \u00eatre tenu.e inform\u00e9.e des activit\u00e9s de la Compagnie J\u00e9r\u00f4me Thomas ou des prochaines dates de repr\u00e9sentation, nous vous invitons \u00e0 vous inscrire \u00e0 notre lettre d&rsquo;information. <\/p>\n\n\n\n<p>Votre adresse e-mail sera uniquement utilis\u00e9e pour vous envoyer r\u00e9guli\u00e8rement notre actualit\u00e9. Vous pouvez \u00e0 tout moment vous d\u00e9sabonner en utilisant le lien de d\u00e9sinscription inclus dans la newsletter.<\/p>\n\n\n\n<p>A bient\u00f4t !<\/p>\n\n\n\n<p><em>\t\t\t<form id=\"sib_signup_form_1\" method=\"post\" class=\"sib_signup_form\">\n\t\t\t\t<div class=\"sib_loader\" style=\"display:none;\"><img\n\t\t\t\t\t\t\tsrc=\"http:\/\/www.jerome-thomas.fr\/actualite\/wp-includes\/images\/spinner.gif\" alt=\"loader\"><\/div>\n\t\t\t\t<input type=\"hidden\" name=\"sib_form_action\" value=\"subscribe_form_submit\">\n\t\t\t\t<input type=\"hidden\" name=\"sib_form_id\" value=\"1\">\n                <input type=\"hidden\" name=\"sib_form_alert_notice\" value=\"Remplissez ce champ s\u2019il vous pla\u00eet\">\n                <input type=\"hidden\" name=\"sib_security\" value=\"09f78e9118\">\n\t\t\t\t<div class=\"sib_signup_box_inside_1\">\n\t\t\t\t\t<div style=\"\/*display:none*\/\" class=\"sib_msg_disp\">\n\t\t\t\t\t<\/div>\n\t\t\t\t\t<p class=\"sib-email-area\">\r\n    <label class=\"sib-email-area\">Votre adresse email*<\/label>\r\n    <input type=\"email\" class=\"sib-email-area\" name=\"email\" required=\"required\">\r\n<\/p>\r\n<p class=\"sib-NAME-area\">\r\n    <label class=\"sib-NAME-area\">Votre nom<\/label>\r\n    <input type=\"text\" class=\"sib-NAME-area\" name=\"NAME\" >\r\n<\/p>\r\n<p>\r\n    <input type=\"submit\" class=\"sib-default-btn\" value=\"S' abonner \u00e0 la newsletter\">\r\n<\/p>\t\t\t\t<\/div>\n\t\t\t<\/form>\n\t\t\t<style>\n\t\t\t\tform#sib_signup_form_1 {\r\n    padding: 5px;\r\n    -moz-box-sizing:border-box;\r\n    -webkit-box-sizing: border-box;\r\n    box-sizing: border-box;\r\n}\r\nform#sib_signup_form_1 input[type=text],form#sib_signup_form_1 input[type=email], form#sib_signup_form_1 select {\r\n    width: 100%;\r\n    border: 1px solid #bbb;\r\n    height: auto;\r\n    margin: 5px 0 0 0;\r\n}\r\nform#sib_signup_form_1 .sib-default-btn {\r\n    margin: 5px 0;\r\n    padding: 6px 12px;\r\n    color:#fff;\r\n    background-color: #ff671c;\r\n    border-color: #2E2E2E;\r\n    font-size: 16px;\r\n    font-weight:400;\r\n    line-height: 1.4285;\r\n    text-align: center;\r\n    cursor: pointer;\r\n    vertical-align: middle;\r\n    -webkit-user-select:none;\r\n    -moz-user-select:none;\r\n    -ms-user-select:none;\r\n    user-select:none;\r\n    white-space: normal;\r\n    border:1px solid transparent;\r\n    border-radius: 3px;\r\n}\r\nform#sib_signup_form_1 .sib-default-btn:hover {\r\n    background-color: #D90909;\r\n}\r\nform#sib_signup_form_1 p{\r\n    margin: 10px 0 0 0;\r\n}form#sib_signup_form_1 p.sib-alert-message {\n    padding: 6px 12px;\n    margin-bottom: 20px;\n    border: 1px solid transparent;\n    border-radius: 4px;\n    -webkit-box-sizing: border-box;\n    -moz-box-sizing: border-box;\n    box-sizing: border-box;\n}\nform#sib_signup_form_1 p.sib-alert-message-error {\n    background-color: #f2dede;\n    border-color: #ebccd1;\n    color: #a94442;\n}\nform#sib_signup_form_1 p.sib-alert-message-success {\n    background-color: #dff0d8;\n    border-color: #d6e9c6;\n    color: #3c763d;\n}\nform#sib_signup_form_1 p.sib-alert-message-warning {\n    background-color: #fcf8e3;\n    border-color: #faebcc;\n    color: #8a6d3b;\n}\t\t\t<\/style>\n\t\t\t<\/em><\/p>\n\n\n\n<p><\/p>\n","protected":false},"excerpt":{"rendered":"<p>Si vous souhaitez \u00eatre tenu.e inform\u00e9.e des activit\u00e9s de la Compagnie J\u00e9r\u00f4me Thomas ou des prochaines dates de repr\u00e9sentation, nous vous invitons \u00e0 vous inscrire \u00e0 notre lettre d&rsquo;information. Votre adresse e-mail sera uniquement utilis\u00e9e pour vous envoyer r\u00e9guli\u00e8rement notre actualit\u00e9. Vous pouvez \u00e0 tout moment vous d\u00e9sabonner en utilisant le lien de d\u00e9sinscription inclus &hellip; <\/p>\n<p class=\"link-more\"><a href=\"http:\/\/www.jerome-thomas.fr\/actualite\/sample-page\/\" class=\"more-link\">Continuer la lecture<span class=\"screen-reader-text\"> de &laquo;&nbsp;Newsletter&nbsp;&raquo;<\/span><\/a><\/p>\n","protected":false},"author":1,"featured_media":0,"parent":0,"menu_order":0,"comment_status":"closed","ping_status":"open","template":"","meta":{"footnotes":""},"class_list":["post-2","page","type-page","status-publish","hentry"],"_links":{"self":[{"href":"http:\/\/www.jerome-thomas.fr\/actualite\/wp-json\/wp\/v2\/pages\/2","targetHints":{"allow":["GET"]}}],"collection":[{"href":"http:\/\/www.jerome-thomas.fr\/actualite\/wp-json\/wp\/v2\/pages"}],"about":[{"href":"http:\/\/www.jerome-thomas.fr\/actualite\/wp-json\/wp\/v2\/types\/page"}],"author":[{"embeddable":true,"href":"http:\/\/www.jerome-thomas.fr\/actualite\/wp-json\/wp\/v2\/users\/1"}],"replies":[{"embeddable":true,"href":"http:\/\/www.jerome-thomas.fr\/actualite\/wp-json\/wp\/v2\/comments?post=2"}],"version-history":[{"count":7,"href":"http:\/\/www.jerome-thomas.fr\/actualite\/wp-json\/wp\/v2\/pages\/2\/revisions"}],"predecessor-version":[{"id":1101,"href":"http:\/\/www.jerome-thomas.fr\/actualite\/wp-json\/wp\/v2\/pages\/2\/revisions\/1101"}],"wp:attachment":[{"href":"http:\/\/www.jerome-thomas.fr\/actualite\/wp-json\/wp\/v2\/media?parent=2"}],"curies":[{"name":"wp","href":"https:\/\/api.w.org\/{rel}","templated":true}]}}